{"id":9456,"date":"2024-10-16T20:32:10","date_gmt":"2024-10-16T20:32:10","guid":{"rendered":"https:\/\/greenwiremedia.com\/kontaktid\/"},"modified":"2024-10-16T20:32:10","modified_gmt":"2024-10-16T20:32:10","slug":"kontaktid","status":"publish","type":"page","link":"https:\/\/greenwiremedia.com\/et\/kontaktid\/","title":{"rendered":"Kontaktid"},"content":{"rendered":"\t\t<div data-elementor-type=\"wp-post\" data-elementor-id=\"9456\" class=\"elementor elementor-9456 elementor-4660\" data-elementor-post-type=\"page\">\n\t\t\t\t<div class=\"elementor-element elementor-element-1302e97 e-flex e-con-boxed e-con e-parent\" data-id=\"1302e97\" data-element_type=\"container\" data-e-type=\"container\">\n\t\t\t\t\t<div class=\"e-con-inner\">\n\t\t<div class=\"elementor-element elementor-element-f162c5e e-con-full e-flex e-con e-child\" data-id=\"f162c5e\" data-element_type=\"container\" data-e-type=\"container\" data-settings=\"{&quot;background_background&quot;:&quot;classic&quot;}\">\n\t\t\t\t<div class=\"elementor-element elementor-element-dc9c107 elementor-invisible elementor-widget elementor-widget-heading\" data-id=\"dc9c107\" data-element_type=\"widget\" data-e-type=\"widget\" data-settings=\"{&quot;_animation&quot;:&quot;fadeIn&quot;}\" data-widget_type=\"heading.default\">\n\t\t\t\t<div class=\"elementor-widget-container\">\n\t\t\t\t\t<h1 class=\"elementor-heading-title elementor-size-default\">get in touch.<\/h1>\t\t\t\t<\/div>\n\t\t\t\t<\/div>\n\t\t\t\t<div class=\"elementor-element elementor-element-78306aa link-dark elementor-widget elementor-widget-text-editor\" data-id=\"78306aa\" data-element_type=\"widget\" data-e-type=\"widget\" data-widget_type=\"text-editor.default\">\n\t\t\t\t<div class=\"elementor-widget-container\">\n\t\t\t\t\t\t\t\t\t<p><a href=\"mailto:info@greenwiremedia.com\">info@greenwiremedia.com<\/a><br \/>Europe: <a href=\"tel:+37127311104\">+371 27 311 104<\/a><br \/>US: <a href=\"tel:+17866331872\">+1 786 633 1872<\/a><\/p>\t\t\t\t\t\t\t\t<\/div>\n\t\t\t\t<\/div>\n\t\t\t\t<\/div>\n\t\t<div class=\"elementor-element elementor-element-f06c4f6 e-con-full e-flex e-con e-child\" data-id=\"f06c4f6\" data-element_type=\"container\" data-e-type=\"container\" data-settings=\"{&quot;background_background&quot;:&quot;classic&quot;,&quot;position&quot;:&quot;absolute&quot;}\">\n\t\t\t\t<div class=\"elementor-element elementor-element-79f2283 elementor-widget elementor-widget-spacer\" data-id=\"79f2283\" data-element_type=\"widget\" data-e-type=\"widget\" data-widget_type=\"spacer.default\">\n\t\t\t\t<div class=\"elementor-widget-container\">\n\t\t\t\t\t\t\t<div class=\"elementor-spacer\">\n\t\t\t<div class=\"elementor-spacer-inner\"><\/div>\n\t\t<\/div>\n\t\t\t\t\t\t<\/div>\n\t\t\t\t<\/div>\n\t\t\t\t<\/div>\n\t\t\t\t\t<\/div>\n\t\t\t\t<\/div>\n\t\t<div class=\"elementor-element elementor-element-bf602c6 team-members e-flex e-con-boxed e-con e-parent\" data-id=\"bf602c6\" data-element_type=\"container\" data-e-type=\"container\">\n\t\t\t\t\t<div class=\"e-con-inner\">\n\t\t<div class=\"elementor-element elementor-element-03201d8 e-con-full e-flex elementor-invisible e-con e-child\" data-id=\"03201d8\" data-element_type=\"container\" data-e-type=\"container\" data-settings=\"{&quot;animation&quot;:&quot;fadeIn&quot;}\">\n\t\t\t\t<div class=\"elementor-element elementor-element-e76568b elementor-widget elementor-widget-text-editor\" data-id=\"e76568b\" data-element_type=\"widget\" data-e-type=\"widget\" data-widget_type=\"text-editor.default\">\n\t\t\t\t<div class=\"elementor-widget-container\">\n\t\t\t\t\t\t\t\t\t<p>Our Team<\/p>\t\t\t\t\t\t\t\t<\/div>\n\t\t\t\t<\/div>\n\t\t\t\t<div class=\"elementor-element elementor-element-d2491e6 title-divider elementor-widget-divider--view-line elementor-widget elementor-widget-divider\" data-id=\"d2491e6\" data-element_type=\"widget\" data-e-type=\"widget\" data-widget_type=\"divider.default\">\n\t\t\t\t<div class=\"elementor-widget-container\">\n\t\t\t\t\t\t\t<div class=\"elementor-divider\">\n\t\t\t<span class=\"elementor-divider-separator\">\n\t\t\t\t\t\t<\/span>\n\t\t<\/div>\n\t\t\t\t\t\t<\/div>\n\t\t\t\t<\/div>\n\t\t\t\t<\/div>\n\t\t<div class=\"elementor-element elementor-element-ec7e8fb e-con-full e-flex elementor-invisible e-con e-child\" data-id=\"ec7e8fb\" data-element_type=\"container\" data-e-type=\"container\" data-settings=\"{&quot;animation&quot;:&quot;fadeIn&quot;,&quot;animation_delay&quot;:&quot;500&quot;}\">\n\t\t\t\t<div class=\"elementor-element elementor-element-36959a1 elementor-widget elementor-widget-image\" data-id=\"36959a1\" data-element_type=\"widget\" data-e-type=\"widget\" data-widget_type=\"image.default\">\n\t\t\t\t<div class=\"elementor-widget-container\">\n\t\t\t\t\t\t\t\t\t\t\t\t<figure class=\"wp-caption\">\n\t\t\t\t\t\t\t\t\t\t<img fetchpriority=\"high\" decoding=\"async\" width=\"797\" height=\"1024\" src=\"https:\/\/greenwiremedia.com\/wp-content\/uploads\/2018\/05\/P1050151-797x1024.jpg\" class=\"attachment-large size-large wp-image-4016\" alt=\"\" srcset=\"https:\/\/greenwiremedia.com\/wp-content\/uploads\/2018\/05\/P1050151-797x1024.jpg.webp 797w, https:\/\/greenwiremedia.com\/wp-content\/uploads\/2018\/05\/P1050151-233x300.jpg.webp 233w, https:\/\/greenwiremedia.com\/wp-content\/uploads\/2018\/05\/P1050151-768x987.jpg.webp 768w, https:\/\/greenwiremedia.com\/wp-content\/uploads\/2018\/05\/P1050151-1200x1543.jpg.webp 1200w, https:\/\/greenwiremedia.com\/wp-content\/uploads\/2018\/05\/P1050151-600x771.jpg.webp 600w, https:\/\/greenwiremedia.com\/wp-content\/uploads\/2018\/05\/P1050151.jpg.webp 2010w\" sizes=\"(max-width: 797px) 100vw, 797px\" \/>\t\t\t\t\t\t\t\t\t\t\t<figcaption class=\"widget-image-caption wp-caption-text\">Rinalds A\u017ei\u0146\u0161<\/figcaption>\n\t\t\t\t\t\t\t\t\t\t<\/figure>\n\t\t\t\t\t\t\t\t\t<\/div>\n\t\t\t\t<\/div>\n\t\t\t\t<div class=\"elementor-element elementor-element-fba68a4 elementor-shape-circle e-grid-align-left elementor-grid-0 elementor-widget elementor-widget-social-icons\" data-id=\"fba68a4\" data-element_type=\"widget\" data-e-type=\"widget\" data-widget_type=\"social-icons.default\">\n\t\t\t\t<div class=\"elementor-widget-container\">\n\t\t\t\t\t\t\t<div class=\"elementor-social-icons-wrapper elementor-grid\" role=\"list\">\n\t\t\t\t\t\t\t<span class=\"elementor-grid-item\" role=\"listitem\">\n\t\t\t\t\t<a class=\"elementor-icon elementor-social-icon elementor-social-icon-facebook-f elementor-repeater-item-24e8747\" href=\"https:\/\/www.facebook.com\/rinaldsaz\" target=\"_blank\">\n\t\t\t\t\t\t<span class=\"elementor-screen-only\">Facebook-f<\/span>\n\t\t\t\t\t\t<i aria-hidden=\"true\" class=\"fab fa-facebook-f\"><\/i>\t\t\t\t\t<\/a>\n\t\t\t\t<\/span>\n\t\t\t\t\t\t\t<span class=\"elementor-grid-item\" role=\"listitem\">\n\t\t\t\t\t<a class=\"elementor-icon elementor-social-icon elementor-social-icon-twitter elementor-repeater-item-de15395\" href=\"https:\/\/twitter.com\/rinalds\" target=\"_blank\">\n\t\t\t\t\t\t<span class=\"elementor-screen-only\">Twitter<\/span>\n\t\t\t\t\t\t<i aria-hidden=\"true\" class=\"fab fa-twitter\"><\/i>\t\t\t\t\t<\/a>\n\t\t\t\t<\/span>\n\t\t\t\t\t\t\t<span class=\"elementor-grid-item\" role=\"listitem\">\n\t\t\t\t\t<a class=\"elementor-icon elementor-social-icon elementor-social-icon-linkedin-in elementor-repeater-item-cb863e2\" href=\"https:\/\/www.linkedin.com\/in\/rinalds\/\" target=\"_blank\">\n\t\t\t\t\t\t<span class=\"elementor-screen-only\">Linkedin-in<\/span>\n\t\t\t\t\t\t<i aria-hidden=\"true\" class=\"fab fa-linkedin-in\"><\/i>\t\t\t\t\t<\/a>\n\t\t\t\t<\/span>\n\t\t\t\t\t<\/div>\n\t\t\t\t\t\t<\/div>\n\t\t\t\t<\/div>\n\t\t\t\t<\/div>\n\t\t<div class=\"elementor-element elementor-element-8883c68 e-con-full e-flex elementor-invisible e-con e-child\" data-id=\"8883c68\" data-element_type=\"container\" data-e-type=\"container\" data-settings=\"{&quot;animation&quot;:&quot;fadeIn&quot;,&quot;animation_delay&quot;:&quot;500&quot;}\">\n\t\t\t\t<div class=\"elementor-element elementor-element-9531b5c elementor-widget elementor-widget-image\" data-id=\"9531b5c\" data-element_type=\"widget\" data-e-type=\"widget\" data-widget_type=\"image.default\">\n\t\t\t\t<div class=\"elementor-widget-container\">\n\t\t\t\t\t\t\t\t\t\t\t\t<figure class=\"wp-caption\">\n\t\t\t\t\t\t\t\t\t\t<img decoding=\"async\" width=\"683\" height=\"1024\" src=\"https:\/\/greenwiremedia.com\/wp-content\/uploads\/2022\/06\/Madara_AntraOsaPhoto-040-683x1024.jpg\" class=\"attachment-large size-large wp-image-9459\" alt=\"\" srcset=\"https:\/\/greenwiremedia.com\/wp-content\/uploads\/2022\/06\/Madara_AntraOsaPhoto-040-683x1024.jpg.webp 683w, https:\/\/greenwiremedia.com\/wp-content\/uploads\/2022\/06\/Madara_AntraOsaPhoto-040-200x300.jpg.webp 200w, https:\/\/greenwiremedia.com\/wp-content\/uploads\/2022\/06\/Madara_AntraOsaPhoto-040-768x1152.jpg.webp 768w, https:\/\/greenwiremedia.com\/wp-content\/uploads\/2022\/06\/Madara_AntraOsaPhoto-040-1024x1536.jpg.webp 1024w, https:\/\/greenwiremedia.com\/wp-content\/uploads\/2022\/06\/Madara_AntraOsaPhoto-040-1365x2048.jpg.webp 1365w, https:\/\/greenwiremedia.com\/wp-content\/uploads\/2022\/06\/Madara_AntraOsaPhoto-040-scaled.jpg.webp 1706w\" sizes=\"(max-width: 683px) 100vw, 683px\" \/>\t\t\t\t\t\t\t\t\t\t\t<figcaption class=\"widget-image-caption wp-caption-text\">Madara \u0136imeniece<\/figcaption>\n\t\t\t\t\t\t\t\t\t\t<\/figure>\n\t\t\t\t\t\t\t\t\t<\/div>\n\t\t\t\t<\/div>\n\t\t\t\t<\/div>\n\t\t\t\t\t<\/div>\n\t\t\t\t<\/div>\n\t\t<div class=\"elementor-element elementor-element-718498b e-flex e-con-boxed e-con e-parent\" data-id=\"718498b\" data-element_type=\"container\" data-e-type=\"container\" data-settings=\"{&quot;background_background&quot;:&quot;classic&quot;}\">\n\t\t\t\t\t<div class=\"e-con-inner\">\n\t\t<div class=\"elementor-element elementor-element-c1c62e4 e-con-full e-flex e-con e-child\" data-id=\"c1c62e4\" data-element_type=\"container\" data-e-type=\"container\">\n\t\t\t\t<div class=\"elementor-element elementor-element-dc6444d elementor-invisible elementor-widget elementor-widget-heading\" data-id=\"dc6444d\" data-element_type=\"widget\" data-e-type=\"widget\" data-settings=\"{&quot;_animation&quot;:&quot;fadeIn&quot;}\" data-widget_type=\"heading.default\">\n\t\t\t\t<div class=\"elementor-widget-container\">\n\t\t\t\t\t<h2 class=\"elementor-heading-title elementor-size-default\">SAY HELLO!<\/h2>\t\t\t\t<\/div>\n\t\t\t\t<\/div>\n\t\t\t\t<div class=\"elementor-element elementor-element-5bafaa8 elementor-invisible elementor-widget elementor-widget-text-editor\" data-id=\"5bafaa8\" data-element_type=\"widget\" data-e-type=\"widget\" data-settings=\"{&quot;_animation&quot;:&quot;fadeIn&quot;}\" data-widget_type=\"text-editor.default\">\n\t\t\t\t<div class=\"elementor-widget-container\">\n\t\t\t\t\t\t\t\t\t<p>We would love to here more about you and how can we help you!<\/p>\t\t\t\t\t\t\t\t<\/div>\n\t\t\t\t<\/div>\n\t\t\t\t<\/div>\n\t\t<div class=\"elementor-element elementor-element-737795e e-con-full e-flex e-con e-child\" data-id=\"737795e\" data-element_type=\"container\" data-e-type=\"container\" data-settings=\"{&quot;background_background&quot;:&quot;classic&quot;}\">\n\t\t\t\t<div class=\"elementor-element elementor-element-5f734d5 elementor-button-align-stretch elementor-widget elementor-widget-form\" data-id=\"5f734d5\" data-element_type=\"widget\" data-e-type=\"widget\" data-settings=\"{&quot;step_next_label&quot;:&quot;Next&quot;,&quot;step_previous_label&quot;:&quot;Previous&quot;,&quot;button_width&quot;:&quot;100&quot;,&quot;step_type&quot;:&quot;number_text&quot;,&quot;step_icon_shape&quot;:&quot;circle&quot;}\" data-widget_type=\"form.default\">\n\t\t\t\t<div class=\"elementor-widget-container\">\n\t\t\t\t\t\t\t<form class=\"elementor-form\" method=\"post\" name=\"New Form\" aria-label=\"New Form\">\n\t\t\t<input type=\"hidden\" name=\"post_id\" value=\"9456\"\/>\n\t\t\t<input type=\"hidden\" name=\"form_id\" value=\"5f734d5\"\/>\n\t\t\t<input type=\"hidden\" name=\"referer_title\" value=\"Kontaktid &#8902; GreenWireMedia\" \/>\n\n\t\t\t\t\t\t\t<input type=\"hidden\" name=\"queried_id\" value=\"9456\"\/>\n\t\t\t\n\t\t\t<div class=\"elementor-form-fields-wrapper elementor-labels-\">\n\t\t\t\t\t\t\t\t<div class=\"elementor-field-type-text elementor-field-group elementor-column elementor-field-group-name elementor-col-100 elementor-field-required\">\n\t\t\t\t\t\t\t\t\t\t\t\t<label for=\"form-field-name\" class=\"elementor-field-label elementor-screen-only\">\n\t\t\t\t\t\t\t\tName\t\t\t\t\t\t\t<\/label>\n\t\t\t\t\t\t\t\t\t\t\t\t\t\t<input size=\"1\" type=\"text\" name=\"form_fields[name]\" id=\"form-field-name\" class=\"elementor-field elementor-size-sm  elementor-field-textual\" placeholder=\"Name\" required=\"required\">\n\t\t\t\t\t\t\t\t\t\t\t<\/div>\n\t\t\t\t\t\t\t\t<div class=\"elementor-field-type-email elementor-field-group elementor-column elementor-field-group-email elementor-col-100 elementor-field-required\">\n\t\t\t\t\t\t\t\t\t\t\t\t<label for=\"form-field-email\" class=\"elementor-field-label elementor-screen-only\">\n\t\t\t\t\t\t\t\tEmail\t\t\t\t\t\t\t<\/label>\n\t\t\t\t\t\t\t\t\t\t\t\t\t\t<input size=\"1\" type=\"email\" name=\"form_fields[email]\" id=\"form-field-email\" class=\"elementor-field elementor-size-sm  elementor-field-textual\" placeholder=\"Email\" required=\"required\">\n\t\t\t\t\t\t\t\t\t\t\t<\/div>\n\t\t\t\t\t\t\t\t<div class=\"elementor-field-type-tel elementor-field-group elementor-column elementor-field-group-field_1 elementor-col-100\">\n\t\t\t\t\t\t\t<input size=\"1\" type=\"tel\" name=\"form_fields[field_1]\" id=\"form-field-field_1\" class=\"elementor-field elementor-size-sm  elementor-field-textual\" placeholder=\"Phone number\" pattern=\"[0-9()#&amp;+*-=.]+\" title=\"Only numbers and phone characters (#, -, *, etc) are accepted.\">\n\n\t\t\t\t\t\t<\/div>\n\t\t\t\t\t\t\t\t<div class=\"elementor-field-type-textarea elementor-field-group elementor-column elementor-field-group-message elementor-col-100 elementor-field-required\">\n\t\t\t\t\t\t\t\t\t\t\t\t<label for=\"form-field-message\" class=\"elementor-field-label elementor-screen-only\">\n\t\t\t\t\t\t\t\tMessage\t\t\t\t\t\t\t<\/label>\n\t\t\t\t\t\t<textarea class=\"elementor-field-textual elementor-field  elementor-size-sm\" name=\"form_fields[message]\" id=\"form-field-message\" rows=\"4\" placeholder=\"Message\" required=\"required\"><\/textarea>\t\t\t\t<\/div>\n\t\t\t\t\t\t\t\t<div class=\"elementor-field-group elementor-column elementor-field-type-submit elementor-col-100 e-form__buttons\">\n\t\t\t\t\t<button class=\"elementor-button elementor-size-sm\" type=\"submit\">\n\t\t\t\t\t\t<span class=\"elementor-button-content-wrapper\">\n\t\t\t\t\t\t\t\t\t\t\t\t\t\t\t\t\t\t\t\t\t\t<span class=\"elementor-button-text\">Send<\/span>\n\t\t\t\t\t\t\t\t\t\t\t\t\t<\/span>\n\t\t\t\t\t<\/button>\n\t\t\t\t<\/div>\n\t\t\t<\/div>\n\t\t<\/form>\n\t\t\t\t\t\t<\/div>\n\t\t\t\t<\/div>\n\t\t\t\t<\/div>\n\t\t\t\t\t<\/div>\n\t\t\t\t<\/div>\n\t\t\t\t<\/div>\n\t\t","protected":false},"excerpt":{"rendered":"","protected":false},"author":1,"featured_media":0,"parent":0,"menu_order":0,"comment_status":"closed","ping_status":"closed","template":"","meta":{"_acf_changed":false,"footnotes":""},"class_list":["post-9456","page","type-page","status-publish","hentry"],"acf":[],"yoast_head":"<!-- This site is optimized with the Yoast SEO plugin v26.9 - https:\/\/yoast.com\/product\/yoast-seo-wordpress\/ -->\n<title>Kontaktid &#8902; GreenWireMedia<\/title>\n<meta name=\"robots\" content=\"index, follow, max-snippet:-1, max-image-preview:large, max-video-preview:-1\" \/>\n<link rel=\"canonical\" href=\"https:\/\/greenwiremedia.com\/et\/kontaktid\/\" \/>\n<meta property=\"og:locale\" content=\"et_EE\" \/>\n<meta property=\"og:type\" content=\"article\" \/>\n<meta property=\"og:title\" content=\"Kontaktid &#8902; GreenWireMedia\" \/>\n<meta property=\"og:url\" content=\"https:\/\/greenwiremedia.com\/et\/kontaktid\/\" \/>\n<meta property=\"og:site_name\" content=\"GreenWireMedia\" \/>\n<meta property=\"article:publisher\" content=\"https:\/\/www.facebook.com\/greenwiremedia\/\" \/>\n<meta name=\"twitter:card\" content=\"summary_large_image\" \/>\n<script type=\"application\/ld+json\" class=\"yoast-schema-graph\">{\"@context\":\"https:\/\/schema.org\",\"@graph\":[{\"@type\":\"WebPage\",\"@id\":\"https:\/\/greenwiremedia.com\/et\/kontaktid\/\",\"url\":\"https:\/\/greenwiremedia.com\/et\/kontaktid\/\",\"name\":\"Kontaktid &#8902; GreenWireMedia\",\"isPartOf\":{\"@id\":\"https:\/\/greenwiremedia.com\/et\/#website\"},\"datePublished\":\"2024-10-16T20:32:10+00:00\",\"breadcrumb\":{\"@id\":\"https:\/\/greenwiremedia.com\/et\/kontaktid\/#breadcrumb\"},\"inLanguage\":\"et\",\"potentialAction\":[{\"@type\":\"ReadAction\",\"target\":[\"https:\/\/greenwiremedia.com\/et\/kontaktid\/\"]}]},{\"@type\":\"BreadcrumbList\",\"@id\":\"https:\/\/greenwiremedia.com\/et\/kontaktid\/#breadcrumb\",\"itemListElement\":[{\"@type\":\"ListItem\",\"position\":1,\"name\":\"Home\",\"item\":\"https:\/\/greenwiremedia.com\/et\/roheline-traat-meedia\/\"},{\"@type\":\"ListItem\",\"position\":2,\"name\":\"Kontaktid\"}]},{\"@type\":\"WebSite\",\"@id\":\"https:\/\/greenwiremedia.com\/et\/#website\",\"url\":\"https:\/\/greenwiremedia.com\/et\/\",\"name\":\"GreenWireMedia\",\"description\":\"Building better tomorrow\",\"publisher\":{\"@id\":\"https:\/\/greenwiremedia.com\/et\/#organization\"},\"potentialAction\":[{\"@type\":\"SearchAction\",\"target\":{\"@type\":\"EntryPoint\",\"urlTemplate\":\"https:\/\/greenwiremedia.com\/et\/?s={search_term_string}\"},\"query-input\":{\"@type\":\"PropertyValueSpecification\",\"valueRequired\":true,\"valueName\":\"search_term_string\"}}],\"inLanguage\":\"et\"},{\"@type\":\"Organization\",\"@id\":\"https:\/\/greenwiremedia.com\/et\/#organization\",\"name\":\"Green Wire Media\",\"url\":\"https:\/\/greenwiremedia.com\/et\/\",\"logo\":{\"@type\":\"ImageObject\",\"inLanguage\":\"et\",\"@id\":\"https:\/\/greenwiremedia.com\/et\/#\/schema\/logo\/image\/\",\"url\":\"https:\/\/greenwiremedia.com\/wp-content\/uploads\/2018\/04\/Group-5-copy-5.png\",\"contentUrl\":\"https:\/\/greenwiremedia.com\/wp-content\/uploads\/2018\/04\/Group-5-copy-5.png\",\"width\":737,\"height\":330,\"caption\":\"Green Wire Media\"},\"image\":{\"@id\":\"https:\/\/greenwiremedia.com\/et\/#\/schema\/logo\/image\/\"},\"sameAs\":[\"https:\/\/www.facebook.com\/greenwiremedia\/\",\"https:\/\/www.linkedin.com\/company\/green-wire-media\/\",\"https:\/\/www.instagram.com\/greenwiremedia\/\",\"https:\/\/www.youtube.com\/channel\/UCpvuPsV2QZL9M0iRTvQ61XA\"]}]}<\/script>\n<!-- \/ Yoast SEO plugin. -->","yoast_head_json":{"title":"Kontaktid &#8902; GreenWireMedia","robots":{"index":"index","follow":"follow","max-snippet":"max-snippet:-1","max-image-preview":"max-image-preview:large","max-video-preview":"max-video-preview:-1"},"canonical":"https:\/\/greenwiremedia.com\/et\/kontaktid\/","og_locale":"et_EE","og_type":"article","og_title":"Kontaktid &#8902; GreenWireMedia","og_url":"https:\/\/greenwiremedia.com\/et\/kontaktid\/","og_site_name":"GreenWireMedia","article_publisher":"https:\/\/www.facebook.com\/greenwiremedia\/","twitter_card":"summary_large_image","schema":{"@context":"https:\/\/schema.org","@graph":[{"@type":"WebPage","@id":"https:\/\/greenwiremedia.com\/et\/kontaktid\/","url":"https:\/\/greenwiremedia.com\/et\/kontaktid\/","name":"Kontaktid &#8902; GreenWireMedia","isPartOf":{"@id":"https:\/\/greenwiremedia.com\/et\/#website"},"datePublished":"2024-10-16T20:32:10+00:00","breadcrumb":{"@id":"https:\/\/greenwiremedia.com\/et\/kontaktid\/#breadcrumb"},"inLanguage":"et","potentialAction":[{"@type":"ReadAction","target":["https:\/\/greenwiremedia.com\/et\/kontaktid\/"]}]},{"@type":"BreadcrumbList","@id":"https:\/\/greenwiremedia.com\/et\/kontaktid\/#breadcrumb","itemListElement":[{"@type":"ListItem","position":1,"name":"Home","item":"https:\/\/greenwiremedia.com\/et\/roheline-traat-meedia\/"},{"@type":"ListItem","position":2,"name":"Kontaktid"}]},{"@type":"WebSite","@id":"https:\/\/greenwiremedia.com\/et\/#website","url":"https:\/\/greenwiremedia.com\/et\/","name":"GreenWireMedia","description":"Building better tomorrow","publisher":{"@id":"https:\/\/greenwiremedia.com\/et\/#organization"},"potentialAction":[{"@type":"SearchAction","target":{"@type":"EntryPoint","urlTemplate":"https:\/\/greenwiremedia.com\/et\/?s={search_term_string}"},"query-input":{"@type":"PropertyValueSpecification","valueRequired":true,"valueName":"search_term_string"}}],"inLanguage":"et"},{"@type":"Organization","@id":"https:\/\/greenwiremedia.com\/et\/#organization","name":"Green Wire Media","url":"https:\/\/greenwiremedia.com\/et\/","logo":{"@type":"ImageObject","inLanguage":"et","@id":"https:\/\/greenwiremedia.com\/et\/#\/schema\/logo\/image\/","url":"https:\/\/greenwiremedia.com\/wp-content\/uploads\/2018\/04\/Group-5-copy-5.png","contentUrl":"https:\/\/greenwiremedia.com\/wp-content\/uploads\/2018\/04\/Group-5-copy-5.png","width":737,"height":330,"caption":"Green Wire Media"},"image":{"@id":"https:\/\/greenwiremedia.com\/et\/#\/schema\/logo\/image\/"},"sameAs":["https:\/\/www.facebook.com\/greenwiremedia\/","https:\/\/www.linkedin.com\/company\/green-wire-media\/","https:\/\/www.instagram.com\/greenwiremedia\/","https:\/\/www.youtube.com\/channel\/UCpvuPsV2QZL9M0iRTvQ61XA"]}]}},"_links":{"self":[{"href":"https:\/\/greenwiremedia.com\/et\/wp-json\/wp\/v2\/pages\/9456","targetHints":{"allow":["GET"]}}],"collection":[{"href":"https:\/\/greenwiremedia.com\/et\/wp-json\/wp\/v2\/pages"}],"about":[{"href":"https:\/\/greenwiremedia.com\/et\/wp-json\/wp\/v2\/types\/page"}],"author":[{"embeddable":true,"href":"https:\/\/greenwiremedia.com\/et\/wp-json\/wp\/v2\/users\/1"}],"replies":[{"embeddable":true,"href":"https:\/\/greenwiremedia.com\/et\/wp-json\/wp\/v2\/comments?post=9456"}],"version-history":[{"count":0,"href":"https:\/\/greenwiremedia.com\/et\/wp-json\/wp\/v2\/pages\/9456\/revisions"}],"wp:attachment":[{"href":"https:\/\/greenwiremedia.com\/et\/wp-json\/wp\/v2\/media?parent=9456"}],"curies":[{"name":"wp","href":"https:\/\/api.w.org\/{rel}","templated":true}]}}